{"id":42178,"date":"2026-03-13T11:21:14","date_gmt":"2026-03-13T10:21:14","guid":{"rendered":"https:\/\/www.arqis.com\/?page_id=42178"},"modified":"2026-04-30T16:21:33","modified_gmt":"2026-04-30T14:21:33","slug":"summer-party-2026-accept","status":"publish","type":"page","link":"https:\/\/www.arqis.com\/en\/summer-party-2026-accept\/","title":{"rendered":"Summer Party 2026: Accept"},"content":{"rendered":"<div class=\"bubble-hero\">\n    <picture>\n        <source media=\"(max-width: 767px)\" srcset=\"https:\/\/www.arqis.com\/wp-content\/themes\/arqis-light\/template-parts\/blocks\/bubble-hero\/assets\/20-narrow.jpg\" width=\"2013\" height=\"1536\" \/>\n        <img class=\"bubble-hero__bg\" src=\"https:\/\/www.arqis.com\/wp-content\/themes\/arqis-light\/template-parts\/blocks\/bubble-hero\/assets\/20-extended.jpg\" alt=\"\" width=\"3500\" height=\"1536\" loading=\"lazy\" decoding=\"async\" \/>\n    <\/picture>\n    <canvas class=\"bubble-hero__canvas\" aria-hidden=\"true\"><\/canvas>\n    <div class=\"bubble-hero__headline-wrap\">\n        <div class=\"container position-relative\">\n            <div class=\"row\">\n                <div class=\"col-12\">\n                    <h1 class=\"title\">Let&rsquo;s celebrate<br \/>20&nbsp;years.<\/h1>\n                <\/div>\n            <\/div>\n        <\/div>\n    <\/div>\n<\/div>\n\n        <script type=\"importmap\">\n        { \"imports\": { \"three\": \"https:\/\/www.arqis.com\/wp-content\/themes\/arqis-light\/template-parts\/blocks\/bubble-hero\/assets\/three.module.min.js\" } }\n        <\/script>\n        <script type=\"module\" src=\"https:\/\/www.arqis.com\/wp-content\/themes\/arqis-light\/template-parts\/blocks\/bubble-hero\/bubble-hero.js\"><\/script>\n        \n\n\n<div id=\"txt01-block_1f5412e3cd6e92474874e3b9f11c83e0\" class=\"txt01 zierelement-none acf\/txt01 section-combine\" >\n    <section>\n        <div class=\"container position-relative\">\n\n                            <div class=\"row scrollreveal\">\n                    <div class=\"col-12 col-lg-8 offset-lg-1\">\n                                                    <div class=\"topline\">\n                                Accept                            <\/div>\n                                                                            <h2 class=\"title hyphens\">ARQIS Summer Party 2026<\/h2>\n                                            <\/div>\n                <\/div>\n                        <div class=\"row scrollreveal\">\n                <div class=\"col-12 col-lg-8 offset-lg-1\">\n                    <div class=\"just-de\">\n<p>Wie sch\u00f6n, dass Sie mit uns feiern m\u00f6chten. Wir freuen uns sehr und m\u00f6chten Sie bitten, noch kurz ein paar Angaben zu machen, damit wir unser Sommerfest perfekt planen k\u00f6nnen.<\/p>\n<p>Die Registrierung und das \u201eTicketmanagement\u201c werden \u00fcber die Software unseres Eventdienstleisterns \u201edoo\u201c abgewickelt. Nach der Registrierung erhalten Sie eine E-Mail mit Ihrem pers\u00f6nlichen Ticket. Bitte bringen Sie das Ticket entweder ausgedruckt oder digital auf Ihrem Smartphone zur Veranstaltung mit und zeigen Sie es am Einlass vor.<\/p>\n<p>Wir sehen uns am 25. Juni!<br \/>\nIhr ARQIS Team<\/p>\n<p>&nbsp;<\/p>\n<\/div>\n<p>We are very pleased that you would like to celebrate with us. To be able to plan our summer party perfectly, we would like to ask you to give us a few more details.<\/p>\n<p>Registration and \u2018ticket management\u2018 are handled by the software of our event service provider \u2018doo\u2019. After registering, you will receive an email with your personal ticket. Please bring the ticket to the event either printed out or digitally on your smartphone and show it at the entrance.<\/p>\n<p>See you on 25 June!<br \/>\nYour ARQIS Team<\/p>\n<p>&nbsp;<\/p>\n<p>\u5f0a\u6240\u30b5\u30de\u30fc\u30ec\u30bb\u30d7\u30b7\u30e7\u30f3\u306b\u3054\u53c2\u52a0\u3044\u305f\u3060\u3051\u308b\u3068\u306e\u3053\u3068\u3001\u8aa0\u306b\u3042\u308a\u304c\u3068\u3046\u3054\u3056\u3044\u307e\u3059\u3002<br \/>\n\u5927\u5909\u304a\u624b\u6570\u3067\u306f\u3054\u3056\u3044\u307e\u3059\u304c\u3001\u4e0b\u8a18\u30d5\u30a9\u30fc\u30e0\u306b\u5fc5\u8981\u4e8b\u9805\u3092\u3054\u8a18\u5165\u306e\u4e0a\u3001\u304a\u7533\u8fbc\u307f\u304f\u3060\u3055\u3044\u3002<\/p>\n<p>\u4eca\u5e74\u306f\u3001\u30a4\u30d9\u30f3\u30c8\u4f1a\u793e\u306e\u300cdoo\u300d\u306e\u5354\u529b\u306e\u3082\u3068\u3001\u3054\u767b\u9332\u304b\u3089\u30c1\u30b1\u30c3\u30c8\u9001\u4ed8\u307e\u3067\u3054\u6848\u5185\u3055\u305b\u3066\u9802\u304d\u307e\u3059\u3002\u3054\u767b\u9332\u9802\u304d\u307e\u3059\u3068\u3001\u3054\u5165\u5834\u306e\u969b\u5fc5\u8981\u3068\u306a\u308a\u307e\u3059\u30c1\u30b1\u30c3\u30c8\u304c\u3001\u3054\u767b\u9332\u9802\u304d\u307e\u3057\u305f\u30e1\u30fc\u30eb\u30a2\u30c9\u30ec\u30b9\u5b9b\u306b\u9001\u4ed8\u3055\u308c\u307e\u3059\u3002\u30a4\u30d9\u30f3\u30c8\u5f53\u65e5\u306e\u3054\u5165\u5834\u306e\u969b\u306b\u3001\u30c1\u30b1\u30c3\u30c8\u3092\u30d7\u30ea\u30f3\u30c8\u30a2\u30a6\u30c8\u3057\u3054\u63b2\u793a\u9802\u304f\u304b\u3001\u30b9\u30de\u30fc\u30c8\u30db\u30f3\uff0f\u30bf\u30d6\u30ec\u30c3\u30c8\u7aef\u672b\u306b\u3054\u8868\u793a\u304f\u3060\u3055\u3044\u3002<br \/>\n\u304a\u624b\u6570\u3092\u304a\u304b\u3051\u3044\u305f\u3057\u307e\u3059\u304c\u4f55\u5352\u3088\u308d\u3057\u304f\u304a\u9858\u3044\u3044\u305f\u3057\u307e\u3059\u3002<\/p>\n<p>6\u670825\u65e5\u306b\u304a\u4f1a\u3044\u51fa\u6765\u307e\u3059\u3053\u3068\u3092\u697d\u3057\u307f\u306b\u3057\u3066\u304a\u308a\u307e\u3059\u3002<br \/>\n\u30a2\u30fc\u30ad\u30b9\u6cd5\u5f8b\u4e8b\u52d9\u6240\u3000\u4e00\u540c<\/p>\n                                                        <\/div>\n            <\/div>\n                    <\/div>\n    <\/section>\n<\/div>\n\n\n        <style>\n            .language-switcher-tabs {\n                display: flex;\n                gap: 10px;\n                margin-bottom: 1rem;\n            }\n            .language-switcher-tabs .tab {\n                padding: 8px 16px;\n                border-bottom: 2px solid #082256;\n                text-decoration: none;\n                font-size: 16px !important;\n                border-radius: 0;\n                font-weight: normal;\n            }\n            .language-switcher-tabs .tab.active {\n                background-color: #082256 !important;\n                color: white;\n            }\n            .translatepress-en_US .just-de {\n                display: none !important;\n            }\n        <\/style>\n    \n        <!--en_US-->\n        <div class=\"txt01 zierelement-none acf\/txt01\" id=\"booking\">\n            <section>\n                <div class=\"container position-relative\">\n                    <div class=\"row\">\n                        <div class=\"col-12 col-lg-8 offset-lg-1\">\n                        \n                <div class=\"language-switcher-tabs\">\n                    <a data-no-translation=\"true\" href=\"\/summer-party-2026-accept\/#booking\" class=\"tab de\">Deutsch<\/a>\n                    <a data-no-translation=\"true\" href=\"\/en\/summer-party-2026-accept\/#booking\" class=\"tab en active\">English<\/a>\n                <\/div>\n            \n                        \n                <div id=\"booking-widget\">\n                   \n<div class=\"viovendi-widget viovendi-booking-widget\" data-viovendi-locale=\"en-us\" data-viovendi-widget-config-name=\"booking-18324-107410\" data-viovendi-event=\"221633\" data-viovendi-organizer=\"18324\"><\/div>\n<script type=\"text\/javascript\" src=\"https:\/\/doo.net\/viovendi-embed.js\" data-viovendi-version=\"1\"><\/script>\n                <\/div>\n            \n                        <\/div>\n                    <\/div>\n                <\/div>\n            <\/section>\n        <\/div>\n    \n\n\n\n<div id=\"txt01-block_bf0048f40103f3cb907d6464909cd7ee\" class=\"txt01 zierelement-none acf\/txt01\" >\n    <section>\n        <div class=\"container position-relative\">\n\n                            <div class=\"row scrollreveal\">\n                    <div class=\"col-12 col-lg-8 offset-lg-1\">\n                                                    <div class=\"topline\">\n                                E-Mail Contact                            <\/div>\n                                                                    <\/div>\n                <\/div>\n                        <div class=\"row scrollreveal\">\n                <div class=\"col-12 col-lg-8 offset-lg-1\">\n                    <p>Wenn Sie Fragen haben, melden Sie sich bei:<br \/>\nIf you have any questions just contact:<br \/>\n\u3054\u8cea\u554f\u7b49\u3054\u3056\u3044\u307e\u3057\u305f\u3089\u4e0b\u8a18\u30e1\u30fc\u30eb\u30a2\u30c9\u30ec\u30b9\u306b\u3054\u9023\u7d61\u304f\u3060\u3055\u3044\u3002<\/p>\n<p><a href=\"mailto:events@arqis.com\">events@arqis.com<\/a><\/p>\n                                                        <\/div>\n            <\/div>\n                    <\/div>\n    <\/section>\n<\/div>","protected":false},"excerpt":{"rendered":"","protected":false},"author":35,"featured_media":0,"parent":0,"menu_order":0,"comment_status":"closed","ping_status":"closed","template":"","meta":{"_acf_changed":false,"footnotes":""},"class_list":["post-42178","page","type-page","status-publish","hentry"],"acf":[],"yoast_head":"<!-- This site is optimized with the Yoast SEO plugin v27.5 - https:\/\/yoast.com\/product\/yoast-seo-wordpress\/ -->\n<title>Summer Party 2026: Accept - ARQIS<\/title>\n<meta name=\"description\" content=\"Wie sch\u00f6n, dass Sie mit uns feiern m\u00f6chten. Wir freuen uns sehr und m\u00f6chten Sie bitten, noch kurz ein paar ...\" \/>\n<meta name=\"robots\" content=\"index, follow, max-snippet:-1, max-image-preview:large, max-video-preview:-1\" \/>\n<link rel=\"canonical\" href=\"https:\/\/www.arqis.com\/en\/summer-party-2026-accept\/\" \/>\n<meta property=\"og:locale\" content=\"en_US\" \/>\n<meta property=\"og:type\" content=\"article\" \/>\n<meta property=\"og:title\" content=\"Summer Party 2026: Accept - ARQIS\" \/>\n<meta property=\"og:description\" content=\"Wie sch\u00f6n, dass Sie mit uns feiern m\u00f6chten. Wir freuen uns sehr und m\u00f6chten Sie bitten, noch kurz ein paar ...\" \/>\n<meta property=\"og:url\" content=\"https:\/\/www.arqis.com\/en\/summer-party-2026-accept\/\" \/>\n<meta property=\"og:site_name\" content=\"ARQIS\" \/>\n<meta property=\"article:modified_time\" content=\"2026-04-30T14:21:33+00:00\" \/>\n<meta name=\"twitter:card\" content=\"summary_large_image\" \/>\n<meta name=\"twitter:label1\" content=\"Est. reading time\" \/>\n\t<meta name=\"twitter:data1\" content=\"2 minutes\" \/>\n<script type=\"application\/ld+json\" class=\"yoast-schema-graph\">{\"@context\":\"https:\\\/\\\/schema.org\",\"@graph\":[{\"@type\":\"WebPage\",\"@id\":\"https:\\\/\\\/www.arqis.com\\\/summer-party-2026-accept\\\/\",\"url\":\"https:\\\/\\\/www.arqis.com\\\/summer-party-2026-accept\\\/\",\"name\":\"Summer Party 2026: Accept - ARQIS\",\"isPartOf\":{\"@id\":\"https:\\\/\\\/www.arqis.com\\\/#website\"},\"datePublished\":\"2026-03-13T10:21:14+00:00\",\"dateModified\":\"2026-04-30T14:21:33+00:00\",\"description\":\"Wie sch\u00f6n, dass Sie mit uns feiern m\u00f6chten. Wir freuen uns sehr und m\u00f6chten Sie bitten, noch kurz ein paar ...\",\"breadcrumb\":{\"@id\":\"https:\\\/\\\/www.arqis.com\\\/summer-party-2026-accept\\\/#breadcrumb\"},\"inLanguage\":\"en-US\",\"potentialAction\":[{\"@type\":\"ReadAction\",\"target\":[\"https:\\\/\\\/www.arqis.com\\\/summer-party-2026-accept\\\/\"]}]},{\"@type\":\"BreadcrumbList\",\"@id\":\"https:\\\/\\\/www.arqis.com\\\/summer-party-2026-accept\\\/#breadcrumb\",\"itemListElement\":[{\"@type\":\"ListItem\",\"position\":1,\"name\":\"Home\",\"item\":\"https:\\\/\\\/www.arqis.com\\\/\"},{\"@type\":\"ListItem\",\"position\":2,\"name\":\"Summer Party 2026: Accept\"}]},{\"@type\":\"WebSite\",\"@id\":\"https:\\\/\\\/www.arqis.com\\\/#website\",\"url\":\"https:\\\/\\\/www.arqis.com\\\/\",\"name\":\"ARQIS\",\"description\":\"Law\",\"potentialAction\":[{\"@type\":\"SearchAction\",\"target\":{\"@type\":\"EntryPoint\",\"urlTemplate\":\"https:\\\/\\\/www.arqis.com\\\/?s={search_term_string}\"},\"query-input\":{\"@type\":\"PropertyValueSpecification\",\"valueRequired\":true,\"valueName\":\"search_term_string\"}}],\"inLanguage\":\"en-US\"}]}<\/script>\n<!-- \/ Yoast SEO plugin. -->","yoast_head_json":{"title":"Summer Party 2026: Accept - ARQIS","description":"Wie sch\u00f6n, dass Sie mit uns feiern m\u00f6chten. Wir freuen uns sehr und m\u00f6chten Sie bitten, noch kurz ein paar ...","robots":{"index":"index","follow":"follow","max-snippet":"max-snippet:-1","max-image-preview":"max-image-preview:large","max-video-preview":"max-video-preview:-1"},"canonical":"https:\/\/www.arqis.com\/en\/summer-party-2026-accept\/","og_locale":"en_US","og_type":"article","og_title":"Summer Party 2026: Accept - ARQIS","og_description":"Wie sch\u00f6n, dass Sie mit uns feiern m\u00f6chten. Wir freuen uns sehr und m\u00f6chten Sie bitten, noch kurz ein paar ...","og_url":"https:\/\/www.arqis.com\/en\/summer-party-2026-accept\/","og_site_name":"ARQIS","article_modified_time":"2026-04-30T14:21:33+00:00","twitter_card":"summary_large_image","twitter_misc":{"Est. reading time":"2 minutes"},"schema":{"@context":"https:\/\/schema.org","@graph":[{"@type":"WebPage","@id":"https:\/\/www.arqis.com\/summer-party-2026-accept\/","url":"https:\/\/www.arqis.com\/summer-party-2026-accept\/","name":"Summer Party 2026: Accept - ARQIS","isPartOf":{"@id":"https:\/\/www.arqis.com\/#website"},"datePublished":"2026-03-13T10:21:14+00:00","dateModified":"2026-04-30T14:21:33+00:00","description":"Wie sch\u00f6n, dass Sie mit uns feiern m\u00f6chten. Wir freuen uns sehr und m\u00f6chten Sie bitten, noch kurz ein paar ...","breadcrumb":{"@id":"https:\/\/www.arqis.com\/summer-party-2026-accept\/#breadcrumb"},"inLanguage":"en-US","potentialAction":[{"@type":"ReadAction","target":["https:\/\/www.arqis.com\/summer-party-2026-accept\/"]}]},{"@type":"BreadcrumbList","@id":"https:\/\/www.arqis.com\/summer-party-2026-accept\/#breadcrumb","itemListElement":[{"@type":"ListItem","position":1,"name":"Home","item":"https:\/\/www.arqis.com\/"},{"@type":"ListItem","position":2,"name":"Summer Party 2026: Accept"}]},{"@type":"WebSite","@id":"https:\/\/www.arqis.com\/#website","url":"https:\/\/www.arqis.com\/","name":"ARQIS","description":"Law","potentialAction":[{"@type":"SearchAction","target":{"@type":"EntryPoint","urlTemplate":"https:\/\/www.arqis.com\/?s={search_term_string}"},"query-input":{"@type":"PropertyValueSpecification","valueRequired":true,"valueName":"search_term_string"}}],"inLanguage":"en-US"}]}},"_links":{"self":[{"href":"https:\/\/www.arqis.com\/en\/wp-json\/wp\/v2\/pages\/42178","targetHints":{"allow":["GET"]}}],"collection":[{"href":"https:\/\/www.arqis.com\/en\/wp-json\/wp\/v2\/pages"}],"about":[{"href":"https:\/\/www.arqis.com\/en\/wp-json\/wp\/v2\/types\/page"}],"author":[{"embeddable":true,"href":"https:\/\/www.arqis.com\/en\/wp-json\/wp\/v2\/users\/35"}],"replies":[{"embeddable":true,"href":"https:\/\/www.arqis.com\/en\/wp-json\/wp\/v2\/comments?post=42178"}],"version-history":[{"count":7,"href":"https:\/\/www.arqis.com\/en\/wp-json\/wp\/v2\/pages\/42178\/revisions"}],"predecessor-version":[{"id":42456,"href":"https:\/\/www.arqis.com\/en\/wp-json\/wp\/v2\/pages\/42178\/revisions\/42456"}],"wp:attachment":[{"href":"https:\/\/www.arqis.com\/en\/wp-json\/wp\/v2\/media?parent=42178"}],"curies":[{"name":"wp","href":"https:\/\/api.w.org\/{rel}","templated":true}]}}