{"id":39854,"date":"2024-12-05T11:52:17","date_gmt":"2024-12-05T10:52:17","guid":{"rendered":"https:\/\/www.arqis.com\/?page_id=39854"},"modified":"2024-12-16T15:26:10","modified_gmt":"2024-12-16T14:26:10","slug":"christmas-2024","status":"publish","type":"page","link":"https:\/\/www.arqis.com\/en\/christmas-2024\/","title":{"rendered":"ARQIS Christmas 2024"},"content":{"rendered":"<div id=\"spr01-block_e80339a203d61f89564eed2902626b18\" class=\"spr01\" >\n    <section>\n        <div class=\"container\">\n            <div class=\"row\">\n                <div class=\"col-12 spacer-size-150\">\n\n                <\/div>\n            <\/div>\n        <\/div>\n    <\/section>\n<\/div>\n\n<div id=\"img02-block_1263aa577358f1b096acb373dce3206e\" class=\"img02 is-style-small acf\/img02\" >\n    <section class=\"scrollreveal\">\n        <div class=\"container\">\n            <div class=\"row\">\n                <div class=\"col-12\">\n                    <img loading=\"lazy\" decoding=\"async\" src=\"https:\/\/www.arqis.com\/wp-content\/uploads\/2024\/11\/ARQIS_Christmas_2024_Landingpage_Header.png\" alt=\"\" class=\"d-none d-lg-block\" width=\"1150\" height=\"250\" \/>                    <img loading=\"lazy\" decoding=\"async\" src=\"https:\/\/www.arqis.com\/wp-content\/uploads\/2024\/11\/ARQIS_Christmas_2024_Landingpage_Header.png\" alt=\"\" class=\"d-none d-sm-block d-lg-none\" width=\"1150\" height=\"250\" \/>                    <img loading=\"lazy\" decoding=\"async\" src=\"https:\/\/www.arqis.com\/wp-content\/uploads\/2024\/11\/ARQIS_Christmas_2024_Landingpage_Header.png\" alt=\"\" class=\"d-block d-sm-none\" width=\"1150\" height=\"250\" \/>                <\/div>\n            <\/div>\n        <\/div>\n    <\/section>\n<\/div>\n\n\n<div id=\"txt01-block_1f7d33491f27ca59ed0cdf76c85d0798\" class=\"txt01 is-style-medium zierelement-none acf\/txt01\" >\n    <section>\n        <div class=\"container position-relative\">\n\n                            <div class=\"row scrollreveal\">\n                    <div class=\"col-12 col-lg-8 offset-lg-1\">\n                                                    <div class=\"topline\">\n                                *Merry Christmas                            <\/div>\n                                                                    <\/div>\n                <\/div>\n                        <div class=\"row scrollreveal\">\n                <div class=\"col-12 col-lg-8 offset-lg-1\">\n                    <p>&nbsp;<\/p>\n<p>Sie kennen das vielleicht: Die j\u00e4hrliche Weihnachtskarte ist in vielen Unternehmen DAS Projekt des Jahres. Viel Herzblut und Hirnschmalz flie\u00dfen mitunter in die oftmals aufw\u00e4ndig gestalteten und tiefsinnig geschriebenen gedruckten Karten oder, wenn es etwas moderner zugeht, digitalen Gr\u00fc\u00dfe. Genauso ist es auch bei ARQIS.<\/p>\n<p>In diesem Jahr lassen wir Sie einmal an der Entstehung unserer Weihnachtsgr\u00fc\u00dfe teilhaben \u2013 und gew\u00e4hren Ihnen <a href=\"#cmp03-block_f96bfa51f8e0803ab849f1278d5e4ddc\">einen exklusiven Schulterblick\u00a0<\/a>\u2026<\/p>\n<p>In den Hauptrollen (in der Reihenfolge ihres Erscheinens): <strong>Andrea<\/strong> Panzer-Heemeier, <strong>Mirjam<\/strong> Boche, <strong>J\u00f6rn<\/strong>-Christian Schulze, <strong>Lars<\/strong> Laeger, <strong>Tobias<\/strong> Neufeld, <strong>Mauritz<\/strong> von Einem, <strong>Shigeo<\/strong> Yamaguchi, <strong>Eberhard<\/strong> Hafermalz, <strong>Friedrich<\/strong> Gebert.<\/p>\n<p>Das Lied, das Sie h\u00f6ren werden, wurde mit Hilfe einer k\u00fcnstlichen Intelligenz komponiert. Es ist somit einzigartig auf der Welt. Wir w\u00fcnschen Ihnen viel Vergn\u00fcgen mit <a href=\"#cmp03-block_f96bfa51f8e0803ab849f1278d5e4ddc\">unserem kleinen Video.<\/a><\/p>\n                                                        <\/div>\n            <\/div>\n                    <\/div>\n    <\/section>\n<\/div>\n\n<div id=\"cmp03-block_0fc4a7b08139125c1ff9f3edccb723cc\" class=\"cmp03 acf\/cmp03\" >\n    <section>\n        <div class=\"container position-relative\">\n            \n            <div class=\"row align-items-center scrollreveal\">\n                                    <div class=\"col-12 col-lg-5\">\n                                                                        <div class=\"description\">\n                                                    <\/div>\n                    <\/div>\n                    <div class=\"col-12 col-lg-7\">\n                        <a href=\"https:\/\/www.videolyser.de\/video\/61542391\/640\/1384\" data-toggle=\"lightbox\" data-width=\"1200\" class=\"d-block position-relative\">\n                            <img loading=\"lazy\" decoding=\"async\" src=\"https:\/\/www.arqis.com\/wp-content\/uploads\/2024\/12\/ARQIS_Christmas_2024_BTH_Vorschaubild.png\" alt=\"\" width=\"2048\" height=\"948\" \/>                            <div class=\"overlay\"><\/div>\n                        <\/a>\n                    <\/div>\n                            <\/div>\n\n                    <\/div>\n    <\/section>\n<\/div>\n\n\n<div id=\"txt01-block_da1e4a0998d3bd322ff32841715563bf\" class=\"txt01 is-style-medium zierelement-none acf\/txt01\" >\n    <section>\n        <div class=\"container position-relative\">\n\n                        <div class=\"row scrollreveal\">\n                <div class=\"col-12 col-lg-8 offset-lg-1\">\n                    <p>Wir w\u00fcnschen Ihnen fr\u00f6hliche und unbeschwerte Weihnachtstage im Kreise Ihrer Liebsten sowie einen freudvollen und gesunden Jahreswechsel.<\/p>\n<p>\u00dcbrigens: Mit unserer diesj\u00e4hrigen ARQIS Weihnachtsspende unterst\u00fctzen wir zu gleichen Teilen das <a href=\"https:\/\/kinderhospiz-regenbogenland.de\/\" target=\"Jugendhospiz\">Kinder- und Jugendhospiz Regenbogenland<\/a> in D\u00fcsseldorf sowie die <a href=\"http:\/\/www.d\u00fcsseldorfer-kindertr\u00e4ume.de\" target=\"Stiftung\">Stiftung D\u00fcsseldorfer Kindertr\u00e4ume<\/a>. Dar\u00fcber hinaus ist es inzwischen eine lieb gewonnene Tradition unserer Mitarbeiterinnen und Mitarbeiter, im Dezember eines jeden Jahren liebevoll zusammengestellte Lebensmittelpakete an den Verein <a href=\"https:\/\/www.froschkoenige-ev.de\/\" target=\"KinderArmut\">Froschk\u00f6nige gegen KinderArmut e.V.<\/a> zu \u00fcbergeben.<\/p>\n                                                        <\/div>\n            <\/div>\n                    <\/div>\n    <\/section>\n<\/div>","protected":false},"excerpt":{"rendered":"","protected":false},"author":23,"featured_media":39856,"parent":0,"menu_order":0,"comment_status":"closed","ping_status":"closed","template":"","meta":{"_acf_changed":false,"footnotes":""},"class_list":["post-39854","page","type-page","status-publish","has-post-thumbnail","hentry"],"acf":[],"yoast_head":"<!-- This site is optimized with the Yoast SEO plugin v27.5 - https:\/\/yoast.com\/product\/yoast-seo-wordpress\/ -->\n<title>ARQIS Christmas 2024 - ARQIS<\/title>\n<meta name=\"description\" content=\"Die j\u00e4hrliche Weihnachtskarte ist in vielen Unternehmen DAS Projekt des Jahres....\" \/>\n<meta name=\"robots\" content=\"index, follow, max-snippet:-1, max-image-preview:large, max-video-preview:-1\" \/>\n<link rel=\"canonical\" href=\"https:\/\/www.arqis.com\/en\/christmas-2024\/\" \/>\n<meta property=\"og:locale\" content=\"en_US\" \/>\n<meta property=\"og:type\" content=\"article\" \/>\n<meta property=\"og:title\" content=\"ARQIS Christmas 2024 - ARQIS\" \/>\n<meta property=\"og:description\" content=\"Die j\u00e4hrliche Weihnachtskarte ist in vielen Unternehmen DAS Projekt des Jahres....\" \/>\n<meta property=\"og:url\" content=\"https:\/\/www.arqis.com\/en\/christmas-2024\/\" \/>\n<meta property=\"og:site_name\" content=\"ARQIS\" \/>\n<meta property=\"article:modified_time\" content=\"2024-12-16T14:26:10+00:00\" \/>\n<meta property=\"og:image\" content=\"https:\/\/www.arqis.com\/wp-content\/uploads\/2024\/11\/ARQIS_Christmas_2024_Landingpage_Header.png\" \/>\n\t<meta property=\"og:image:width\" content=\"1150\" \/>\n\t<meta property=\"og:image:height\" content=\"250\" \/>\n\t<meta property=\"og:image:type\" content=\"image\/png\" \/>\n<meta name=\"twitter:card\" content=\"summary_large_image\" \/>\n<meta name=\"twitter:label1\" content=\"Est. reading time\" \/>\n\t<meta name=\"twitter:data1\" content=\"2 minutes\" \/>\n<script type=\"application\/ld+json\" class=\"yoast-schema-graph\">{\"@context\":\"https:\\\/\\\/schema.org\",\"@graph\":[{\"@type\":\"WebPage\",\"@id\":\"https:\\\/\\\/www.arqis.com\\\/christmas-2024\\\/\",\"url\":\"https:\\\/\\\/www.arqis.com\\\/christmas-2024\\\/\",\"name\":\"ARQIS Christmas 2024 - ARQIS\",\"isPartOf\":{\"@id\":\"https:\\\/\\\/www.arqis.com\\\/#website\"},\"primaryImageOfPage\":{\"@id\":\"https:\\\/\\\/www.arqis.com\\\/christmas-2024\\\/#primaryimage\"},\"image\":{\"@id\":\"https:\\\/\\\/www.arqis.com\\\/christmas-2024\\\/#primaryimage\"},\"thumbnailUrl\":\"https:\\\/\\\/www.arqis.com\\\/wp-content\\\/uploads\\\/2024\\\/11\\\/ARQIS_Christmas_2024_Landingpage_Header.png\",\"datePublished\":\"2024-12-05T10:52:17+00:00\",\"dateModified\":\"2024-12-16T14:26:10+00:00\",\"description\":\"Die j\u00e4hrliche Weihnachtskarte ist in vielen Unternehmen DAS Projekt des Jahres....\",\"breadcrumb\":{\"@id\":\"https:\\\/\\\/www.arqis.com\\\/christmas-2024\\\/#breadcrumb\"},\"inLanguage\":\"en-US\",\"potentialAction\":[{\"@type\":\"ReadAction\",\"target\":[\"https:\\\/\\\/www.arqis.com\\\/christmas-2024\\\/\"]}]},{\"@type\":\"ImageObject\",\"inLanguage\":\"en-US\",\"@id\":\"https:\\\/\\\/www.arqis.com\\\/christmas-2024\\\/#primaryimage\",\"url\":\"https:\\\/\\\/www.arqis.com\\\/wp-content\\\/uploads\\\/2024\\\/11\\\/ARQIS_Christmas_2024_Landingpage_Header.png\",\"contentUrl\":\"https:\\\/\\\/www.arqis.com\\\/wp-content\\\/uploads\\\/2024\\\/11\\\/ARQIS_Christmas_2024_Landingpage_Header.png\",\"width\":1150,\"height\":250},{\"@type\":\"BreadcrumbList\",\"@id\":\"https:\\\/\\\/www.arqis.com\\\/christmas-2024\\\/#breadcrumb\",\"itemListElement\":[{\"@type\":\"ListItem\",\"position\":1,\"name\":\"Home\",\"item\":\"https:\\\/\\\/www.arqis.com\\\/\"},{\"@type\":\"ListItem\",\"position\":2,\"name\":\"ARQIS Christmas 2024\"}]},{\"@type\":\"WebSite\",\"@id\":\"https:\\\/\\\/www.arqis.com\\\/#website\",\"url\":\"https:\\\/\\\/www.arqis.com\\\/\",\"name\":\"ARQIS\",\"description\":\"Law\",\"potentialAction\":[{\"@type\":\"SearchAction\",\"target\":{\"@type\":\"EntryPoint\",\"urlTemplate\":\"https:\\\/\\\/www.arqis.com\\\/?s={search_term_string}\"},\"query-input\":{\"@type\":\"PropertyValueSpecification\",\"valueRequired\":true,\"valueName\":\"search_term_string\"}}],\"inLanguage\":\"en-US\"}]}<\/script>\n<!-- \/ Yoast SEO plugin. -->","yoast_head_json":{"title":"ARQIS Christmas 2024 - ARQIS","description":"Die j\u00e4hrliche Weihnachtskarte ist in vielen Unternehmen DAS Projekt des Jahres....","robots":{"index":"index","follow":"follow","max-snippet":"max-snippet:-1","max-image-preview":"max-image-preview:large","max-video-preview":"max-video-preview:-1"},"canonical":"https:\/\/www.arqis.com\/en\/christmas-2024\/","og_locale":"en_US","og_type":"article","og_title":"ARQIS Christmas 2024 - ARQIS","og_description":"Die j\u00e4hrliche Weihnachtskarte ist in vielen Unternehmen DAS Projekt des Jahres....","og_url":"https:\/\/www.arqis.com\/en\/christmas-2024\/","og_site_name":"ARQIS","article_modified_time":"2024-12-16T14:26:10+00:00","og_image":[{"width":1150,"height":250,"url":"https:\/\/www.arqis.com\/wp-content\/uploads\/2024\/11\/ARQIS_Christmas_2024_Landingpage_Header.png","type":"image\/png"}],"twitter_card":"summary_large_image","twitter_misc":{"Est. reading time":"2 minutes"},"schema":{"@context":"https:\/\/schema.org","@graph":[{"@type":"WebPage","@id":"https:\/\/www.arqis.com\/christmas-2024\/","url":"https:\/\/www.arqis.com\/christmas-2024\/","name":"ARQIS Christmas 2024 - ARQIS","isPartOf":{"@id":"https:\/\/www.arqis.com\/#website"},"primaryImageOfPage":{"@id":"https:\/\/www.arqis.com\/christmas-2024\/#primaryimage"},"image":{"@id":"https:\/\/www.arqis.com\/christmas-2024\/#primaryimage"},"thumbnailUrl":"https:\/\/www.arqis.com\/wp-content\/uploads\/2024\/11\/ARQIS_Christmas_2024_Landingpage_Header.png","datePublished":"2024-12-05T10:52:17+00:00","dateModified":"2024-12-16T14:26:10+00:00","description":"Die j\u00e4hrliche Weihnachtskarte ist in vielen Unternehmen DAS Projekt des Jahres....","breadcrumb":{"@id":"https:\/\/www.arqis.com\/christmas-2024\/#breadcrumb"},"inLanguage":"en-US","potentialAction":[{"@type":"ReadAction","target":["https:\/\/www.arqis.com\/christmas-2024\/"]}]},{"@type":"ImageObject","inLanguage":"en-US","@id":"https:\/\/www.arqis.com\/christmas-2024\/#primaryimage","url":"https:\/\/www.arqis.com\/wp-content\/uploads\/2024\/11\/ARQIS_Christmas_2024_Landingpage_Header.png","contentUrl":"https:\/\/www.arqis.com\/wp-content\/uploads\/2024\/11\/ARQIS_Christmas_2024_Landingpage_Header.png","width":1150,"height":250},{"@type":"BreadcrumbList","@id":"https:\/\/www.arqis.com\/christmas-2024\/#breadcrumb","itemListElement":[{"@type":"ListItem","position":1,"name":"Home","item":"https:\/\/www.arqis.com\/"},{"@type":"ListItem","position":2,"name":"ARQIS Christmas 2024"}]},{"@type":"WebSite","@id":"https:\/\/www.arqis.com\/#website","url":"https:\/\/www.arqis.com\/","name":"ARQIS","description":"Law","potentialAction":[{"@type":"SearchAction","target":{"@type":"EntryPoint","urlTemplate":"https:\/\/www.arqis.com\/?s={search_term_string}"},"query-input":{"@type":"PropertyValueSpecification","valueRequired":true,"valueName":"search_term_string"}}],"inLanguage":"en-US"}]}},"_links":{"self":[{"href":"https:\/\/www.arqis.com\/en\/wp-json\/wp\/v2\/pages\/39854","targetHints":{"allow":["GET"]}}],"collection":[{"href":"https:\/\/www.arqis.com\/en\/wp-json\/wp\/v2\/pages"}],"about":[{"href":"https:\/\/www.arqis.com\/en\/wp-json\/wp\/v2\/types\/page"}],"author":[{"embeddable":true,"href":"https:\/\/www.arqis.com\/en\/wp-json\/wp\/v2\/users\/23"}],"replies":[{"embeddable":true,"href":"https:\/\/www.arqis.com\/en\/wp-json\/wp\/v2\/comments?post=39854"}],"version-history":[{"count":107,"href":"https:\/\/www.arqis.com\/en\/wp-json\/wp\/v2\/pages\/39854\/revisions"}],"predecessor-version":[{"id":40215,"href":"https:\/\/www.arqis.com\/en\/wp-json\/wp\/v2\/pages\/39854\/revisions\/40215"}],"wp:featuredmedia":[{"embeddable":true,"href":"https:\/\/www.arqis.com\/en\/wp-json\/wp\/v2\/media\/39856"}],"wp:attachment":[{"href":"https:\/\/www.arqis.com\/en\/wp-json\/wp\/v2\/media?parent=39854"}],"curies":[{"name":"wp","href":"https:\/\/api.w.org\/{rel}","templated":true}]}}