{"id":16174,"date":"2021-03-31T13:05:26","date_gmt":"2021-03-31T11:05:26","guid":{"rendered":"https:\/\/www.arqis.com\/?page_id=16174"},"modified":"2026-02-05T08:58:40","modified_gmt":"2026-02-05T07:58:40","slug":"presse","status":"publish","type":"page","link":"https:\/\/www.arqis.com\/en\/presse\/","title":{"rendered":"Press"},"content":{"rendered":"<div id=\"cmp07-block_40ffeb8addb801856143b250a2001729\" class=\"cmp07 image-article header-intro-text\">\n    <section id=\"header\">\n        <div class=\"container\">\n            <div class=\"row scrollreveal position-relative pb-0\">\n                <div class=\"col-12 col-lg-7 col-xl-8\">\n                                            <div class=\"topline\">\n                            Press                        <\/div>\n                                        <h1 class=\"title\">Contact for press inquiries<\/h1>\n                <\/div>\n                <div class=\"subnav\">\n                                            <div class=\"group-leader-image filter-none\"><div class=\"filter-none\" style=\"background-image: url(https:\/\/www.arqis.com\/wp-content\/uploads\/2025\/04\/ph_Boche_8Feb2021_7208778_prv-scaled-aspect-ratio-357-450-3-768x968-1-aspect-ratio-440-350.png);\"><\/div><\/div>\n                                        <div class=\"navpoints\">\n                        <div class=\"header\"><a href=\"#header\">Contact for press inquiries<\/a><\/div>\n                        <div class=\"content\">Themen<\/div>\n                        <div class=\"contents\">\n\n                        <\/div>\n                    <\/div>\n                <\/div>\n            <\/div>\n        <\/div>\n    <\/section>\n\n    <!---Share Links -->\n    <\/div>\n\n    <section class=\"header-intro section-padding\">\n        <div class=\"container\">\n            <div class=\"row scrollreveal\">\n                <div class=\"col-12 offset-lg-1 col-lg-6\">\n                                        <div class=\"description\">\n                        <p>Are you looking for an expert on a current legal or business issue? Do you need a fast, comprehensible and uncomplicated appraisal of a court decision or a recent economic policy development? Our business law experts will be happy to support you with a range of services, from brief statement to by-lined article. I can help you find the right contact.<\/p>\n                    <\/div>\n                <\/div>\n            <\/div>\n        <\/div>\n    <\/section>\n\n\n<div id=\"tni01-block_9eda50cad2bd48f2868e8a67f3fa0cb8\" class=\"tni01 mirrored zierelement-none acf\/tni01 section-img-top\" >\n    <section>\n        <div class=\"container\">\n            <div class=\"row\">\n                                    <div class=\"col-lg-4 offset-lg-1 scrollreveal position-relative z-index-2\">\n                        <img loading=\"lazy\" decoding=\"async\" width=\"640\" height=\"807\" src=\"https:\/\/www.arqis.com\/wp-content\/uploads\/2026\/02\/Miriam-van-Dijk-DSC_8792-Low-Rise-scaled-aspect-ratio-357-450-812x1024.jpg\" class=\"filter-none\" alt=\"\" srcset=\"https:\/\/www.arqis.com\/wp-content\/uploads\/2026\/02\/Miriam-van-Dijk-DSC_8792-Low-Rise-scaled-aspect-ratio-357-450-812x1024.jpg 812w, https:\/\/www.arqis.com\/wp-content\/uploads\/2026\/02\/Miriam-van-Dijk-DSC_8792-Low-Rise-scaled-aspect-ratio-357-450-634x800.jpg 634w, https:\/\/www.arqis.com\/wp-content\/uploads\/2026\/02\/Miriam-van-Dijk-DSC_8792-Low-Rise-scaled-aspect-ratio-357-450-238x300.jpg 238w, https:\/\/www.arqis.com\/wp-content\/uploads\/2026\/02\/Miriam-van-Dijk-DSC_8792-Low-Rise-scaled-aspect-ratio-357-450-768x968.jpg 768w, https:\/\/www.arqis.com\/wp-content\/uploads\/2026\/02\/Miriam-van-Dijk-DSC_8792-Low-Rise-scaled-aspect-ratio-357-450-10x12.jpg 10w, https:\/\/www.arqis.com\/wp-content\/uploads\/2026\/02\/Miriam-van-Dijk-DSC_8792-Low-Rise-scaled-aspect-ratio-357-450.jpg 927w\" sizes=\"auto, (max-width: 640px) 100vw, 640px\" \/>                    <\/div>\n                    <div class=\"col-12 col-lg-6 position-relative z-index-1\">\n                        <div class=\"scrollreveal position-relative\">\n                                                            <div class=\"topline\">\n                                    Your contact for press inquiries                                <\/div>\n                                                                                        <h2 class=\"title\">Miriam van Dijk<\/h2>\n                                                        <p class=\"p1\">Phone: +49 211 13069-0<\/p>\n<p>Mobile: +49 160 7192035<\/p>\n<p>Email: <a href=\"mailto:miriam.vandijk@arqis.com\">miriam.vandijk@arqis.com\u00a0<\/a><\/p>\n<p>&nbsp;<\/p>\n                        <\/div>\n\n                                                    <div class=\"row scrollreveal mt-0 mt-lg-4\">\n                                \n                                                                    <div class=\"col-12\">\n                                        <a class=\"cta-link button button--ghost\"\n                                                     href=\"mailto:miriam.vandijk@arqis.com\">Get in contact<\/a>                                    <\/div>\n                                                            <\/div>\n                                            <\/div>\n                            <\/div>\n        <\/div>\n    <\/section>\n<\/div>\n\n<div id=\"tsr01-block_50e7524a7fa5ab28398ae577a700189c\" class=\"tsr01 mirrored acf\/tsr01 toc\"  data-toctitle=\"Pressemitteilungen\">\n    <section>\n                <div class=\"container-fluid container-md\">\n            <div class=\"row position-relative scrollreveal\">\n                                    <div class=\"col-12 col-md-6 offset-md-1 align-self-center order-last order-md-first\">\n                        <div class=\"content-wrapper\">\n                            <h3 class=\"title\">Press releases<\/h3>\n                            <div class=\"description\">\n                                <p>Here you can find our press releases.<\/p>\n                            <\/div>\n                                                            <div class=\"row\">\n                                    <div class=\"col-12 col-md-6\">\n                                                                                    <a href=\"https:\/\/www.arqis.com\/en\/news\/?term=&#038;ncat=5\"  class=\"tsrbutton button button--ghost\">Read here<\/a>                                                                            <\/div>\n                                    <div class=\"col-12 col-md-6\">\n                                                                            <\/div>\n                                <\/div>\n                                                    <\/div>\n                    <\/div>\n                    <div class=\"col-12 col-md-5 align-self-center order-first order-md-last\">\n                        <div class=\"content-wrapper\">\n                            <img loading=\"lazy\" decoding=\"async\" src=\"https:\/\/www.arqis.com\/wp-content\/uploads\/2025\/04\/Yamaguchi_19Feb20217202501_prv-scaled-aspect-ratio-459-300-scaled.jpg\" alt=\"\" class=\"filter-none\" width=\"2048\" height=\"1338\" \/>                        <\/div>\n                    <\/div>\n                            <\/div>\n        <\/div>\n    <\/section>\n<\/div>","protected":false},"excerpt":{"rendered":"","protected":false},"author":35,"featured_media":25772,"parent":0,"menu_order":0,"comment_status":"closed","ping_status":"closed","template":"lightpage.php","meta":{"_acf_changed":false,"footnotes":""},"class_list":["post-16174","page","type-page","status-publish","has-post-thumbnail","hentry"],"acf":[],"yoast_head":"<!-- This site is optimized with the Yoast SEO plugin v27.5 - https:\/\/yoast.com\/product\/yoast-seo-wordpress\/ -->\n<title>Presse - ARQIS<\/title>\n<meta name=\"description\" content=\"Kontakt f\u00fcr Presseanfragen. Pressemitteilungen. ARQIS. Wirtschaftskanzlei. D\u00fcsseldorf. M\u00fcnchen. Tokio. Talent Hub Berlin.\" \/>\n<meta name=\"robots\" content=\"noindex, follow\" \/>\n<meta property=\"og:locale\" content=\"en_US\" \/>\n<meta property=\"og:type\" content=\"article\" \/>\n<meta property=\"og:title\" content=\"Presse - ARQIS\" \/>\n<meta property=\"og:description\" content=\"Kontakt f\u00fcr Presseanfragen. Pressemitteilungen. ARQIS. Wirtschaftskanzlei. D\u00fcsseldorf. M\u00fcnchen. Tokio. Talent Hub Berlin.\" \/>\n<meta property=\"og:url\" content=\"https:\/\/www.arqis.com\/en\/presse\/\" \/>\n<meta property=\"og:site_name\" content=\"ARQIS\" \/>\n<meta property=\"article:modified_time\" content=\"2026-02-05T07:58:40+00:00\" \/>\n<meta name=\"twitter:card\" content=\"summary_large_image\" \/>\n<meta name=\"twitter:image\" content=\"https:\/\/www.arqis.com\/wp-content\/uploads\/2021\/03\/ph_Boche_8Feb2021_7208778_prv-scaled-aspect-ratio-357-450-3-768x968-1.png\" \/>\n<meta name=\"twitter:label1\" content=\"Est. reading time\" \/>\n\t<meta name=\"twitter:data1\" content=\"1 minute\" \/>\n<script type=\"application\/ld+json\" class=\"yoast-schema-graph\">{\"@context\":\"https:\\\/\\\/schema.org\",\"@graph\":[{\"@type\":\"WebPage\",\"@id\":\"https:\\\/\\\/www.arqis.com\\\/en\\\/presse\\\/\",\"url\":\"https:\\\/\\\/www.arqis.com\\\/en\\\/presse\\\/\",\"name\":\"Presse - ARQIS\",\"isPartOf\":{\"@id\":\"https:\\\/\\\/www.arqis.com\\\/#website\"},\"primaryImageOfPage\":{\"@id\":\"https:\\\/\\\/www.arqis.com\\\/en\\\/presse\\\/#primaryimage\"},\"image\":{\"@id\":\"https:\\\/\\\/www.arqis.com\\\/en\\\/presse\\\/#primaryimage\"},\"thumbnailUrl\":\"https:\\\/\\\/www.arqis.com\\\/wp-content\\\/uploads\\\/2021\\\/03\\\/ph_Boche_8Feb2021_7208778_prv-scaled-aspect-ratio-357-450-3-768x968-1.png\",\"datePublished\":\"2021-03-31T11:05:26+00:00\",\"dateModified\":\"2026-02-05T07:58:40+00:00\",\"description\":\"Kontakt f\u00fcr Presseanfragen. Pressemitteilungen. ARQIS. Wirtschaftskanzlei. D\u00fcsseldorf. M\u00fcnchen. Tokio. Talent Hub Berlin.\",\"breadcrumb\":{\"@id\":\"https:\\\/\\\/www.arqis.com\\\/en\\\/presse\\\/#breadcrumb\"},\"inLanguage\":\"en-US\",\"potentialAction\":[{\"@type\":\"ReadAction\",\"target\":[\"https:\\\/\\\/www.arqis.com\\\/en\\\/presse\\\/\"]}]},{\"@type\":\"ImageObject\",\"inLanguage\":\"en-US\",\"@id\":\"https:\\\/\\\/www.arqis.com\\\/en\\\/presse\\\/#primaryimage\",\"url\":\"https:\\\/\\\/www.arqis.com\\\/wp-content\\\/uploads\\\/2021\\\/03\\\/ph_Boche_8Feb2021_7208778_prv-scaled-aspect-ratio-357-450-3-768x968-1.png\",\"contentUrl\":\"https:\\\/\\\/www.arqis.com\\\/wp-content\\\/uploads\\\/2021\\\/03\\\/ph_Boche_8Feb2021_7208778_prv-scaled-aspect-ratio-357-450-3-768x968-1.png\",\"width\":768,\"height\":968},{\"@type\":\"BreadcrumbList\",\"@id\":\"https:\\\/\\\/www.arqis.com\\\/en\\\/presse\\\/#breadcrumb\",\"itemListElement\":[{\"@type\":\"ListItem\",\"position\":1,\"name\":\"Home\",\"item\":\"https:\\\/\\\/www.arqis.com\\\/\"},{\"@type\":\"ListItem\",\"position\":2,\"name\":\"Presse\"}]},{\"@type\":\"WebSite\",\"@id\":\"https:\\\/\\\/www.arqis.com\\\/#website\",\"url\":\"https:\\\/\\\/www.arqis.com\\\/\",\"name\":\"ARQIS\",\"description\":\"Law\",\"potentialAction\":[{\"@type\":\"SearchAction\",\"target\":{\"@type\":\"EntryPoint\",\"urlTemplate\":\"https:\\\/\\\/www.arqis.com\\\/?s={search_term_string}\"},\"query-input\":{\"@type\":\"PropertyValueSpecification\",\"valueRequired\":true,\"valueName\":\"search_term_string\"}}],\"inLanguage\":\"en-US\"}]}<\/script>\n<!-- \/ Yoast SEO plugin. -->","yoast_head_json":{"title":"Press - ARQIS","description":"Kontakt f\u00fcr Presseanfragen. Pressemitteilungen. ARQIS. Wirtschaftskanzlei. D\u00fcsseldorf. M\u00fcnchen. Tokio. Talent Hub Berlin.","robots":{"index":"noindex","follow":"follow"},"og_locale":"en_US","og_type":"article","og_title":"Presse - ARQIS","og_description":"Kontakt f\u00fcr Presseanfragen. Pressemitteilungen. ARQIS. Wirtschaftskanzlei. D\u00fcsseldorf. M\u00fcnchen. Tokio. Talent Hub Berlin.","og_url":"https:\/\/www.arqis.com\/en\/presse\/","og_site_name":"ARQIS","article_modified_time":"2026-02-05T07:58:40+00:00","twitter_card":"summary_large_image","twitter_image":"https:\/\/www.arqis.com\/wp-content\/uploads\/2021\/03\/ph_Boche_8Feb2021_7208778_prv-scaled-aspect-ratio-357-450-3-768x968-1.png","twitter_misc":{"Est. reading time":"1 minute"},"schema":{"@context":"https:\/\/schema.org","@graph":[{"@type":"WebPage","@id":"https:\/\/www.arqis.com\/en\/presse\/","url":"https:\/\/www.arqis.com\/en\/presse\/","name":"Press - ARQIS","isPartOf":{"@id":"https:\/\/www.arqis.com\/#website"},"primaryImageOfPage":{"@id":"https:\/\/www.arqis.com\/en\/presse\/#primaryimage"},"image":{"@id":"https:\/\/www.arqis.com\/en\/presse\/#primaryimage"},"thumbnailUrl":"https:\/\/www.arqis.com\/wp-content\/uploads\/2021\/03\/ph_Boche_8Feb2021_7208778_prv-scaled-aspect-ratio-357-450-3-768x968-1.png","datePublished":"2021-03-31T11:05:26+00:00","dateModified":"2026-02-05T07:58:40+00:00","description":"Kontakt f\u00fcr Presseanfragen. Pressemitteilungen. ARQIS. Wirtschaftskanzlei. D\u00fcsseldorf. M\u00fcnchen. Tokio. Talent Hub Berlin.","breadcrumb":{"@id":"https:\/\/www.arqis.com\/en\/presse\/#breadcrumb"},"inLanguage":"en-US","potentialAction":[{"@type":"ReadAction","target":["https:\/\/www.arqis.com\/en\/presse\/"]}]},{"@type":"ImageObject","inLanguage":"en-US","@id":"https:\/\/www.arqis.com\/en\/presse\/#primaryimage","url":"https:\/\/www.arqis.com\/wp-content\/uploads\/2021\/03\/ph_Boche_8Feb2021_7208778_prv-scaled-aspect-ratio-357-450-3-768x968-1.png","contentUrl":"https:\/\/www.arqis.com\/wp-content\/uploads\/2021\/03\/ph_Boche_8Feb2021_7208778_prv-scaled-aspect-ratio-357-450-3-768x968-1.png","width":768,"height":968},{"@type":"BreadcrumbList","@id":"https:\/\/www.arqis.com\/en\/presse\/#breadcrumb","itemListElement":[{"@type":"ListItem","position":1,"name":"Home","item":"https:\/\/www.arqis.com\/"},{"@type":"ListItem","position":2,"name":"Presse"}]},{"@type":"WebSite","@id":"https:\/\/www.arqis.com\/#website","url":"https:\/\/www.arqis.com\/","name":"ARQIS","description":"Law","potentialAction":[{"@type":"SearchAction","target":{"@type":"EntryPoint","urlTemplate":"https:\/\/www.arqis.com\/?s={search_term_string}"},"query-input":{"@type":"PropertyValueSpecification","valueRequired":true,"valueName":"search_term_string"}}],"inLanguage":"en-US"}]}},"_links":{"self":[{"href":"https:\/\/www.arqis.com\/en\/wp-json\/wp\/v2\/pages\/16174","targetHints":{"allow":["GET"]}}],"collection":[{"href":"https:\/\/www.arqis.com\/en\/wp-json\/wp\/v2\/pages"}],"about":[{"href":"https:\/\/www.arqis.com\/en\/wp-json\/wp\/v2\/types\/page"}],"author":[{"embeddable":true,"href":"https:\/\/www.arqis.com\/en\/wp-json\/wp\/v2\/users\/35"}],"replies":[{"embeddable":true,"href":"https:\/\/www.arqis.com\/en\/wp-json\/wp\/v2\/comments?post=16174"}],"version-history":[{"count":38,"href":"https:\/\/www.arqis.com\/en\/wp-json\/wp\/v2\/pages\/16174\/revisions"}],"predecessor-version":[{"id":41961,"href":"https:\/\/www.arqis.com\/en\/wp-json\/wp\/v2\/pages\/16174\/revisions\/41961"}],"wp:featuredmedia":[{"embeddable":true,"href":"https:\/\/www.arqis.com\/en\/wp-json\/wp\/v2\/media\/25772"}],"wp:attachment":[{"href":"https:\/\/www.arqis.com\/en\/wp-json\/wp\/v2\/media?parent=16174"}],"curies":[{"name":"wp","href":"https:\/\/api.w.org\/{rel}","templated":true}]}}