{"id":1389,"date":"2021-02-16T11:48:45","date_gmt":"2021-02-16T10:48:45","guid":{"rendered":"https:\/\/www.arqis.com\/?page_id=1389"},"modified":"2026-03-12T08:35:58","modified_gmt":"2026-03-12T07:35:58","slug":"philosophy","status":"publish","type":"page","link":"https:\/\/www.arqis.com\/en\/philosophie\/","title":{"rendered":"Philosophy"},"content":{"rendered":"<div id=\"cmp07-block_4f30d2be3dfeaf55518dca919fda02a9\" class=\"cmp07 image-article header-intro-text\">\n    <section id=\"header\">\n        <div class=\"container\">\n            <div class=\"row scrollreveal position-relative pb-0\">\n                <div class=\"col-12 col-lg-7 col-xl-8\">\n                                            <div class=\"topline\">\n                            Philosophy                        <\/div>\n                                        <h1 class=\"title\">The ARQIS Way <\/h1>\n                <\/div>\n                <div class=\"subnav\">\n                                            <div class=\"group-leader-image filter-none\"><div class=\"filter-none\" style=\"background-image: url(https:\/\/www.arqis.com\/wp-content\/uploads\/2025\/12\/ph_Yamaguchi_17Feb20217201448_prv-scaled-aspect-ratio-357-450-1219x1536-1-aspect-ratio-440-350.png);\"><\/div><\/div>\n                                        <div class=\"navpoints\">\n                        <div class=\"header\"><a href=\"#header\">The ARQIS Way <\/a><\/div>\n                        <div class=\"content\">Themen<\/div>\n                        <div class=\"contents\">\n\n                        <\/div>\n                    <\/div>\n                <\/div>\n            <\/div>\n        <\/div>\n    <\/section>\n\n    <!---Share Links -->\n    <\/div>\n\n    <section class=\"header-intro section-padding\">\n        <div class=\"container\">\n            <div class=\"row scrollreveal\">\n                <div class=\"col-12 offset-lg-1 col-lg-6\">\n                                        <div class=\"description\">\n                        <p>The ARQIS Way represents our law firm\u2019s mission. We map out our own approaches to forming our ideas and policies, and to acting in accordance with our positions and visions, so that we can develop concepts and solutions that are perfectly tailored to our clients\u2019 requirements.<\/p>\n<p>These three words reflect our competence, our aspirations and our values. They don\u2019t just refer to the work with our clients, but to all areas that ARQIS comes into contact with.<\/p>\n<p>At ARQIS we cultivate corporate, ecological and social responsibility.<\/p>\n                    <\/div>\n                <\/div>\n            <\/div>\n        <\/div>\n    <\/section>\n\n\n\n\n<div id=\"podcast-block_34949aa899ec20a659d1882a616c8a7f\" class=\"podcast acf\/podcast  is-style-medium\" >\n\n<div id=\"podcast-container\" class=\"container scrollreveal podcast-block\">\n        <div class=\"row\">\n\n    \n            <div class=\"col-md-12 col-lg-4 offset-lg-1 scrollreveal\">\n                <img decoding=\"async\" src=\"https:\/\/www.arqis.com\/wp-content\/uploads\/2026\/02\/260223_ARQIS-Podcast_Yamaguchi_Gebert.png\">\n            <\/div>\n\n            <div class=\"col-12 col-md-12 col-lg-6\">\n                <div class=\"podcast-content\">\n                    <div class=\"topline\">\n                            20 years of Big Law Boutique: a look behind the scenes                    <\/div>\n                    <h2 class=\"hyphens title\">Podcast with Dr. Shigeo Yamaguchi and Dr. Friedrich Gebert<\/h2>\n                    <p class=\"mt-1\"><p>What does it mean to be a Big Law Boutique? How do focus groups come about and why is entrepreneurial thinking so important for lawyers? What role do ownership and mindset play when starting a career? And how does a law firm position itself between specialisation and transaction strength?<\/p>\n<p>Dr. Shigeo Yamaguchi, Senior Partner, and Dr. Friedrich Gebert, Managing Partner, discuss the development of ARQIS since 2006, its growth into a unique big law boutique and the strategic realignment of its leadership in the latest episode of the podcast \"Irgendwas mit Recht\" (German).<\/p>\n<\/p>\n                     \n                        <a class=\"cta-podcast button button--ghost\" href=\"https:\/\/www.irgendwasmitrecht.de\/episoden\/imr-353-managing-partner-and-senior-partner-ownership-und-unternehmermindset-big-law-boutique-kanzleiwachstum-seit-20-jahren-karrierechancen-bis-tokio\">To the podcast<\/a>\n                                    <\/div>\n            <\/div>\n\n    \n        <\/div>\n    <\/div>\n\n<\/div>\n\n\n\n\n<\/p>\n\n\n\n<div id=\"txt01-block_190e3fbd9c01e3ae7cecc3fbf3575e43\" class=\"txt01 zierelement-none acf\/txt01\" >\n    <section>\n        <div class=\"container position-relative\">\n\n                            <div class=\"row scrollreveal\">\n                    <div class=\"col-12 col-lg-8 offset-lg-1\">\n                                                                            <h2 class=\"title hyphens\">Law firm<\/h2>\n                                            <\/div>\n                <\/div>\n                        <div class=\"row scrollreveal\">\n                <div class=\"col-12 col-lg-8 offset-lg-1\">\n                    <div id=\"txt01-block_47b9a3cee174696698ae2fa6491b0dd8\" class=\"txt01 zierelement- acf\/txt01\">\n<section>\n<div class=\"container position-relative\">\n<div class=\"row scrollreveal\" data-sr-id=\"4\">\n<div class=\"col-12 col-lg-8 offset-lg-1\"><\/div>\n<\/div>\n<\/div>\n<\/section>\n<\/div>\n<div id=\"tsr02-block_0af6105338dd7d02ce2f660a2e7a7058\" class=\"tsr02 acf\/tsr02\">\n<section>\n<div class=\"container-fluid container-md\">\n<div class=\"row position-relative scrollreveal\" data-sr-id=\"5\">In our dealings with clients absolute equality is our priority. Our teams are very heterogeneous and diverse in the true sense of the word. We support every individual, irrespective of gender, ethnic background, culture and nationality, age or sexual orientation. That is what defines ARQIS as ARQIS.<\/div>\n<div data-sr-id=\"5\"><\/div>\n<div class=\"row position-relative scrollreveal\" data-sr-id=\"5\">We cater to various life models \u2013 and work-life balance is an essential aspect of our law firm\u2019s culture.<\/div>\n<div data-sr-id=\"5\"><\/div>\n<div class=\"row position-relative scrollreveal\" data-sr-id=\"5\">According to a survey conducted by the specialist publication JUVE, ARQIS has the most international workforce of all law firms in the German market.<\/div>\n<\/div>\n<\/section>\n<\/div>\n                                                        <\/div>\n            <\/div>\n                    <\/div>\n    <\/section>\n<\/div>\n\n<p>\n\n\n<div id=\"cmp03-block_29b63da1dcac66cbc4c2fe2fcb7e67ce\" class=\"cmp03 acf\/cmp03\" >\n    <section>\n        <div class=\"container position-relative\">\n            \n            <div class=\"row align-items-center scrollreveal\">\n                                    <div class=\"col-12 col-lg-5\">\n                                                    <div class=\"topline\">\n                                Q&#038;A                            <\/div>\n                                                                            <h2 class=\"hyphens title\">with<br>Dr. Christof<br>Schneider<\/h2>\n                                                <div class=\"description\">\n                            <p>Dr. Christof Schneider has been Partner for Legal Innovation &amp; AI at ARQIS since October 2025.<br \/>\nWhat responsibilities does this new role involve? What makes it particularly appealing to him? Find out this and more in the video (German). <\/p>\n                        <\/div>\n                    <\/div>\n                    <div class=\"col-12 col-lg-7\">\n                        <a href=\"https:\/\/www.videolyser.de\/video\/66343815\/640\/360\" data-toggle=\"lightbox\" data-width=\"1200\" class=\"d-block position-relative\">\n                            <img loading=\"lazy\" decoding=\"async\" src=\"https:\/\/www.arqis.com\/wp-content\/uploads\/2025\/12\/Videointerview_Christof-A.-Schneider_ARQIS-1.png\" alt=\"\" width=\"1920\" height=\"1080\" \/>                            <div class=\"overlay\"><\/div>\n                        <\/a>\n                    <\/div>\n                            <\/div>\n\n                    <\/div>\n    <\/section>\n<\/div>\n\n<div id=\"spr01-block_5c593ed4369e0f11e2e7d085e483cd5e\" class=\"spr01\" >\n    <section>\n        <div class=\"container\">\n            <div class=\"row\">\n                <div class=\"col-12 spacer-size-50\">\n\n                <\/div>\n            <\/div>\n        <\/div>\n    <\/section>\n<\/div>\n\n<div id=\"tni01-block_ad7e2725ec7f8d8c76bc37ba8ffe5a26\" class=\"tni01 mirrored zierelement-none acf\/tni01 section-img-top\" >\n    <section>\n        <div class=\"container\">\n            <div class=\"row\">\n                                    <div class=\"col-lg-4 offset-lg-1 scrollreveal position-relative z-index-2\">\n                        <img loading=\"lazy\" decoding=\"async\" width=\"640\" height=\"806\" src=\"https:\/\/www.arqis.com\/wp-content\/uploads\/2024\/03\/Legal-500-Germany-Awards-Winner_ESG-aspect-ratio-357-450-1-813x1024.jpg\" class=\"filter-none\" alt=\"\" srcset=\"https:\/\/www.arqis.com\/wp-content\/uploads\/2024\/03\/Legal-500-Germany-Awards-Winner_ESG-aspect-ratio-357-450-1-813x1024.jpg 813w, https:\/\/www.arqis.com\/wp-content\/uploads\/2024\/03\/Legal-500-Germany-Awards-Winner_ESG-aspect-ratio-357-450-1-238x300.jpg 238w, https:\/\/www.arqis.com\/wp-content\/uploads\/2024\/03\/Legal-500-Germany-Awards-Winner_ESG-aspect-ratio-357-450-1-768x968.jpg 768w, https:\/\/www.arqis.com\/wp-content\/uploads\/2024\/03\/Legal-500-Germany-Awards-Winner_ESG-aspect-ratio-357-450-1-10x12.jpg 10w, https:\/\/www.arqis.com\/wp-content\/uploads\/2024\/03\/Legal-500-Germany-Awards-Winner_ESG-aspect-ratio-357-450-1-635x800.jpg 635w, https:\/\/www.arqis.com\/wp-content\/uploads\/2024\/03\/Legal-500-Germany-Awards-Winner_ESG-aspect-ratio-357-450-1.jpg 826w\" sizes=\"auto, (max-width: 640px) 100vw, 640px\" \/>                    <\/div>\n                    <div class=\"col-12 col-lg-6 position-relative z-index-1\">\n                        <div class=\"scrollreveal position-relative\">\n                                                                                        <h2 class=\"title\">The Legal 500 Germany Awards 2024: ARQIS is \u201cESG Firm of the Year\u201d<\/h2>\n                                                        <p>ARQIS wins the first The Legal 500 Germany Awards 2024 and is honoured as \u201cESG Firm of the Year.\u201d<\/p>\n<p>The team led by Dr Friedrich Gebert, Head of the Regulatory focus group, received the award on stage ...<\/p>\n                        <\/div>\n\n                                                    <div class=\"row scrollreveal mt-0 mt-lg-4\">\n                                \n                                                                    <div class=\"col-12\">\n                                        <a class=\"cta-link button button--ghost\"\n                                                     href=\"https:\/\/www.arqis.com\/en\/news\/the-legal-500-germany-awards-2024\/\">Read here<\/a>                                    <\/div>\n                                                            <\/div>\n                                            <\/div>\n                            <\/div>\n        <\/div>\n    <\/section>\n<\/div>\n\n<div id=\"spr01-block_5c593ed4369e0f11e2e7d085e483cd5e\" class=\"spr01\" >\n    <section>\n        <div class=\"container\">\n            <div class=\"row\">\n                <div class=\"col-12 spacer-size-50\">\n\n                <\/div>\n            <\/div>\n        <\/div>\n    <\/section>\n<\/div>","protected":false},"excerpt":{"rendered":"","protected":false},"author":1,"featured_media":0,"parent":0,"menu_order":0,"comment_status":"closed","ping_status":"closed","template":"lightpage.php","meta":{"_acf_changed":false,"footnotes":""},"class_list":["post-1389","page","type-page","status-publish","hentry"],"acf":[],"yoast_head":"<!-- This site is optimized with the Yoast SEO plugin v27.6 - https:\/\/yoast.com\/product\/yoast-seo-wordpress\/ -->\n<title>Philosophie - ARQIS<\/title>\n<meta name=\"description\" content=\"The ARQIS Way steht f\u00fcr das Selbstverst\u00e4ndnis unserer Kanzlei. Wir gehen eigene Wege, denn nur so k\u00f6nnen wir eigene Vorstellungen und Handlungsweisen formen, unsere Positionen und Visionen vertreten und Ideen und L\u00f6sungen entwickeln, die genau auf die Bed\u00fcrfnisse unserer Mandanten zugeschnitten sind.\" \/>\n<meta name=\"robots\" content=\"index, follow, max-snippet:-1, max-image-preview:large, max-video-preview:-1\" \/>\n<link rel=\"canonical\" href=\"https:\/\/www.arqis.com\/en\/philosophy\/\" \/>\n<meta property=\"og:locale\" content=\"en_US\" \/>\n<meta property=\"og:type\" content=\"article\" \/>\n<meta property=\"og:title\" content=\"Philosophie - ARQIS\" \/>\n<meta property=\"og:description\" content=\"The ARQIS Way steht f\u00fcr das Selbstverst\u00e4ndnis unserer Kanzlei. Wir gehen eigene Wege, denn nur so k\u00f6nnen wir eigene Vorstellungen und Handlungsweisen formen, unsere Positionen und Visionen vertreten und Ideen und L\u00f6sungen entwickeln, die genau auf die Bed\u00fcrfnisse unserer Mandanten zugeschnitten sind.\" \/>\n<meta property=\"og:url\" content=\"https:\/\/www.arqis.com\/en\/philosophy\/\" \/>\n<meta property=\"og:site_name\" content=\"ARQIS\" \/>\n<meta property=\"article:modified_time\" content=\"2026-03-12T07:35:58+00:00\" \/>\n<meta property=\"og:image\" content=\"https:\/\/www.arqis.com\/wp-content\/uploads\/2021\/03\/global_motive-scaled.jpg\" \/>\n\t<meta property=\"og:image:width\" content=\"2048\" \/>\n\t<meta property=\"og:image:height\" content=\"1601\" \/>\n\t<meta property=\"og:image:type\" content=\"image\/jpeg\" \/>\n<meta name=\"twitter:card\" content=\"summary_large_image\" \/>\n<meta name=\"twitter:label1\" content=\"Est. reading time\" \/>\n\t<meta name=\"twitter:data1\" content=\"4 minutes\" \/>\n<script type=\"application\/ld+json\" class=\"yoast-schema-graph\">{\"@context\":\"https:\\\/\\\/schema.org\",\"@graph\":[{\"@type\":\"WebPage\",\"@id\":\"https:\\\/\\\/www.arqis.com\\\/philosophie\\\/\",\"url\":\"https:\\\/\\\/www.arqis.com\\\/philosophie\\\/\",\"name\":\"Philosophie - ARQIS\",\"isPartOf\":{\"@id\":\"https:\\\/\\\/www.arqis.com\\\/#website\"},\"datePublished\":\"2021-02-16T10:48:45+00:00\",\"dateModified\":\"2026-03-12T07:35:58+00:00\",\"description\":\"The ARQIS Way steht f\u00fcr das Selbstverst\u00e4ndnis unserer Kanzlei. Wir gehen eigene Wege, denn nur so k\u00f6nnen wir eigene Vorstellungen und Handlungsweisen formen, unsere Positionen und Visionen vertreten und Ideen und L\u00f6sungen entwickeln, die genau auf die Bed\u00fcrfnisse unserer Mandanten zugeschnitten sind.\",\"breadcrumb\":{\"@id\":\"https:\\\/\\\/www.arqis.com\\\/philosophie\\\/#breadcrumb\"},\"inLanguage\":\"en-US\",\"potentialAction\":[{\"@type\":\"ReadAction\",\"target\":[\"https:\\\/\\\/www.arqis.com\\\/philosophie\\\/\"]}]},{\"@type\":\"BreadcrumbList\",\"@id\":\"https:\\\/\\\/www.arqis.com\\\/philosophie\\\/#breadcrumb\",\"itemListElement\":[{\"@type\":\"ListItem\",\"position\":1,\"name\":\"Home\",\"item\":\"https:\\\/\\\/www.arqis.com\\\/\"},{\"@type\":\"ListItem\",\"position\":2,\"name\":\"Philosophie\"}]},{\"@type\":\"WebSite\",\"@id\":\"https:\\\/\\\/www.arqis.com\\\/#website\",\"url\":\"https:\\\/\\\/www.arqis.com\\\/\",\"name\":\"ARQIS\",\"description\":\"Law\",\"potentialAction\":[{\"@type\":\"SearchAction\",\"target\":{\"@type\":\"EntryPoint\",\"urlTemplate\":\"https:\\\/\\\/www.arqis.com\\\/?s={search_term_string}\"},\"query-input\":{\"@type\":\"PropertyValueSpecification\",\"valueRequired\":true,\"valueName\":\"search_term_string\"}}],\"inLanguage\":\"en-US\"}]}<\/script>\n<!-- \/ Yoast SEO plugin. -->","yoast_head_json":{"title":"Philosophy - ARQIS","description":"The ARQIS Way represents our law firm\u2019s mission. We map out our own approaches to forming our ideas and policies, and to acting in accordance with our positions and visions, so that we can develop concepts and solutions that are perfectly tailored to our clients\u2019 requirements.","robots":{"index":"index","follow":"follow","max-snippet":"max-snippet:-1","max-image-preview":"max-image-preview:large","max-video-preview":"max-video-preview:-1"},"canonical":"https:\/\/www.arqis.com\/en\/philosophy\/","og_locale":"en_US","og_type":"article","og_title":"Philosophie - ARQIS","og_description":"The ARQIS Way steht f\u00fcr das Selbstverst\u00e4ndnis unserer Kanzlei. Wir gehen eigene Wege, denn nur so k\u00f6nnen wir eigene Vorstellungen und Handlungsweisen formen, unsere Positionen und Visionen vertreten und Ideen und L\u00f6sungen entwickeln, die genau auf die Bed\u00fcrfnisse unserer Mandanten zugeschnitten sind.","og_url":"https:\/\/www.arqis.com\/en\/philosophy\/","og_site_name":"ARQIS","article_modified_time":"2026-03-12T07:35:58+00:00","og_image":[{"width":2048,"height":1601,"url":"https:\/\/www.arqis.com\/wp-content\/uploads\/2021\/03\/global_motive-scaled.jpg","type":"image\/jpeg"}],"twitter_card":"summary_large_image","twitter_misc":{"Est. reading time":"4 minutes"},"schema":{"@context":"https:\/\/schema.org","@graph":[{"@type":"WebPage","@id":"https:\/\/www.arqis.com\/philosophie\/","url":"https:\/\/www.arqis.com\/philosophie\/","name":"Philosophy - ARQIS","isPartOf":{"@id":"https:\/\/www.arqis.com\/#website"},"datePublished":"2021-02-16T10:48:45+00:00","dateModified":"2026-03-12T07:35:58+00:00","description":"The ARQIS Way represents our law firm\u2019s mission. We map out our own approaches to forming our ideas and policies, and to acting in accordance with our positions and visions, so that we can develop concepts and solutions that are perfectly tailored to our clients\u2019 requirements.","breadcrumb":{"@id":"https:\/\/www.arqis.com\/philosophie\/#breadcrumb"},"inLanguage":"en-US","potentialAction":[{"@type":"ReadAction","target":["https:\/\/www.arqis.com\/philosophie\/"]}]},{"@type":"BreadcrumbList","@id":"https:\/\/www.arqis.com\/philosophie\/#breadcrumb","itemListElement":[{"@type":"ListItem","position":1,"name":"Home","item":"https:\/\/www.arqis.com\/"},{"@type":"ListItem","position":2,"name":"Philosophie"}]},{"@type":"WebSite","@id":"https:\/\/www.arqis.com\/#website","url":"https:\/\/www.arqis.com\/","name":"ARQIS","description":"Law","potentialAction":[{"@type":"SearchAction","target":{"@type":"EntryPoint","urlTemplate":"https:\/\/www.arqis.com\/?s={search_term_string}"},"query-input":{"@type":"PropertyValueSpecification","valueRequired":true,"valueName":"search_term_string"}}],"inLanguage":"en-US"}]}},"_links":{"self":[{"href":"https:\/\/www.arqis.com\/en\/wp-json\/wp\/v2\/pages\/1389","targetHints":{"allow":["GET"]}}],"collection":[{"href":"https:\/\/www.arqis.com\/en\/wp-json\/wp\/v2\/pages"}],"about":[{"href":"https:\/\/www.arqis.com\/en\/wp-json\/wp\/v2\/types\/page"}],"author":[{"embeddable":true,"href":"https:\/\/www.arqis.com\/en\/wp-json\/wp\/v2\/users\/1"}],"replies":[{"embeddable":true,"href":"https:\/\/www.arqis.com\/en\/wp-json\/wp\/v2\/comments?post=1389"}],"version-history":[{"count":50,"href":"https:\/\/www.arqis.com\/en\/wp-json\/wp\/v2\/pages\/1389\/revisions"}],"predecessor-version":[{"id":42166,"href":"https:\/\/www.arqis.com\/en\/wp-json\/wp\/v2\/pages\/1389\/revisions\/42166"}],"wp:attachment":[{"href":"https:\/\/www.arqis.com\/en\/wp-json\/wp\/v2\/media?parent=1389"}],"curies":[{"name":"wp","href":"https:\/\/api.w.org\/{rel}","templated":true}]}}